{"id":6516,"date":"2023-10-24T14:28:17","date_gmt":"2023-10-24T12:28:17","guid":{"rendered":"https:\/\/www.alpin8.eu\/newsletter-registration\/"},"modified":"2024-09-24T15:52:12","modified_gmt":"2024-09-24T13:52:12","slug":"newsletter-registration","status":"publish","type":"page","link":"https:\/\/www.alpin8.eu\/en\/newsletter-registration\/","title":{"rendered":"Newsletter registration"},"content":{"rendered":"\t\t<div data-elementor-type=\"wp-page\" data-elementor-id=\"6516\" class=\"elementor elementor-6516 elementor-6511\">\n\t\t\t\t\t\t<section class=\"elementor-section elementor-top-section elementor-element elementor-element-ac02320 elementor-section-boxed elementor-section-height-default elementor-section-height-default wpr-particle-no wpr-jarallax-no wpr-parallax-no wpr-sticky-section-no wpr-equal-height-no\" data-id=\"ac02320\" data-element_type=\"section\" data-e-type=\"section\">\n\t\t\t\t\t\t<div class=\"elementor-container elementor-column-gap-default\">\n\t\t\t\t\t<div class=\"elementor-column elementor-col-100 elementor-top-column elementor-element elementor-element-1564081\" data-id=\"1564081\" data-element_type=\"column\" data-e-type=\"column\">\n\t\t\t<div class=\"elementor-widget-wrap elementor-element-populated\">\n\t\t\t\t\t\t<div class=\"elementor-element elementor-element-b35495a elementor-widget elementor-widget-heading\" data-id=\"b35495a\" data-element_type=\"widget\" data-e-type=\"widget\" data-widget_type=\"heading.default\">\n\t\t\t\t<div class=\"elementor-widget-container\">\n\t\t\t\t\t<h2 class=\"elementor-heading-title elementor-size-default\">Newsletter registration<\/h2>\t\t\t\t<\/div>\n\t\t\t\t<\/div>\n\t\t\t\t<div class=\"elementor-element elementor-element-c034bfd elementor-widget elementor-widget-shortcode\" data-id=\"c034bfd\" data-element_type=\"widget\" data-e-type=\"widget\" data-widget_type=\"shortcode.default\">\n\t\t\t\t<div class=\"elementor-widget-container\">\n\t\t\t\t\t\t\t<div class=\"elementor-shortcode\">  \n  \n  <div class=\"\n    mailpoet_form_popup_overlay\n      \"><\/div>\n  <div\n    id=\"mailpoet_form_2\"\n    class=\"\n      mailpoet_form\n      mailpoet_form_shortcode\n      mailpoet_form_position_\n      mailpoet_form_animation_\n    \"\n      >\n\n    <style type=\"text\/css\">\n     #mailpoet_form_2 .mailpoet_form {  }\n#mailpoet_form_2 form { margin-bottom: 0; }\n#mailpoet_form_2 p.mailpoet_form_paragraph { margin-bottom: 10px; }\n#mailpoet_form_2 .mailpoet_column_with_background { padding: 10px; }\n#mailpoet_form_2 .mailpoet_form_column:not(:first-child) { margin-left: 20px; }\n#mailpoet_form_2 .mailpoet_paragraph { line-height: 20px; margin-bottom: 20px; }\n#mailpoet_form_2 .mailpoet_segment_label, #mailpoet_form_2 .mailpoet_text_label, #mailpoet_form_2 .mailpoet_textarea_label, #mailpoet_form_2 .mailpoet_select_label, #mailpoet_form_2 .mailpoet_radio_label, #mailpoet_form_2 .mailpoet_checkbox_label, #mailpoet_form_2 .mailpoet_list_label, #mailpoet_form_2 .mailpoet_date_label { display: block; font-weight: normal; }\n#mailpoet_form_2 .mailpoet_text, #mailpoet_form_2 .mailpoet_textarea, #mailpoet_form_2 .mailpoet_select, #mailpoet_form_2 .mailpoet_date_month, #mailpoet_form_2 .mailpoet_date_day, #mailpoet_form_2 .mailpoet_date_year, #mailpoet_form_2 .mailpoet_date { display: block; }\n#mailpoet_form_2 .mailpoet_text, #mailpoet_form_2 .mailpoet_textarea { width: 200px; }\n#mailpoet_form_2 .mailpoet_checkbox {  }\n#mailpoet_form_2 .mailpoet_submit {  }\n#mailpoet_form_2 .mailpoet_divider {  }\n#mailpoet_form_2 .mailpoet_message {  }\n#mailpoet_form_2 .mailpoet_form_loading { width: 30px; text-align: center; line-height: normal; }\n#mailpoet_form_2 .mailpoet_form_loading > span { width: 5px; height: 5px; background-color: #5b5b5b; }\n#mailpoet_form_2 h2.mailpoet-heading { margin: 0 0 20px 0; }\n#mailpoet_form_2 h1.mailpoet-heading { margin: 0 0 10px; }#mailpoet_form_2{border-radius: 24px;text-align: center;}#mailpoet_form_2 form.mailpoet_form {padding: 30px;}#mailpoet_form_2{width: 100%;}#mailpoet_form_2 .mailpoet_message {margin: 0; padding: 0 20px;}\n        #mailpoet_form_2 .mailpoet_validate_success {color: #0e545f}\n        #mailpoet_form_2 input.parsley-success {color: #0e545f}\n        #mailpoet_form_2 select.parsley-success {color: #0e545f}\n        #mailpoet_form_2 textarea.parsley-success {color: #0e545f}\n      \n        #mailpoet_form_2 .mailpoet_validate_error {color: #cf2e2e}\n        #mailpoet_form_2 input.parsley-error {color: #cf2e2e}\n        #mailpoet_form_2 select.parsley-error {color: #cf2e2e}\n        #mailpoet_form_2 textarea.textarea.parsley-error {color: #cf2e2e}\n        #mailpoet_form_2 .parsley-errors-list {color: #cf2e2e}\n        #mailpoet_form_2 .parsley-required {color: #cf2e2e}\n        #mailpoet_form_2 .parsley-custom-error-message {color: #cf2e2e}\n      #mailpoet_form_2 .mailpoet_paragraph.last {margin-bottom: 0} @media (max-width: 500px) {#mailpoet_form_2 {background-image: none;}} @media (min-width: 500px) {#mailpoet_form_2 .last .mailpoet_paragraph:last-child {margin-bottom: 0}}  @media (max-width: 500px) {#mailpoet_form_2 .mailpoet_form_column:last-child .mailpoet_paragraph:last-child {margin-bottom: 0}} \n    <\/style>\n\n    <form\n      target=\"_self\"\n      method=\"post\"\n      action=\"https:\/\/www.alpin8.eu\/wp-admin\/admin-post.php?action=mailpoet_subscription_form\"\n      class=\"mailpoet_form mailpoet_form_form mailpoet_form_shortcode\"\n      novalidate\n      data-delay=\"\"\n      data-exit-intent-enabled=\"\"\n      data-font-family=\"\"\n      data-cookie-expiration-time=\"\"\n    >\n      <input type=\"hidden\" name=\"data[form_id]\" value=\"2\" \/>\n      <input type=\"hidden\" name=\"token\" value=\"34686db6f6\" \/>\n      <input type=\"hidden\" name=\"api_version\" value=\"v1\" \/>\n      <input type=\"hidden\" name=\"endpoint\" value=\"subscribers\" \/>\n      <input type=\"hidden\" name=\"mailpoet_method\" value=\"subscribe\" \/>\n\n      <label class=\"mailpoet_hp_email_label\" style=\"display: none !important;\">Please leave this field empty<input type=\"email\" name=\"data[email]\"\/><\/label><h1 class=\"mailpoet-heading  mailpoet-has-font-size\" style=\"text-align: center; color: #0e545f; font-size: 20px; line-height: 1.5\">Lust auf Updates rund um ALPIN8?<\/h1>\n<p class=\"mailpoet_form_paragraph \" style=\"text-align: center; color: #0e545f\">Dann abonniere unseren <strong>Newsletter<\/strong>! <br>Verpasse keine wichtigen Neuigkeiten mehr! Wir schicken dir eine Mail, wenn wichtige Dinge anstehen, z.B. die Terminbekanntgabe, die \u00d6ffnung der Anmeldung, oder auch, wenn es nur noch wenige Startpl\u00e4tze gibt. Hier erf\u00e4hrst du wichtige Neuigkeiten immer als erstes!<\/p>\n<div class='mailpoet_spacer' style='height: 1px;'><\/div>\n<div class=\"mailpoet_paragraph \"><style>input[name=\"data[form_field_ZWQzMzk3MzRlMzNkX2ZpcnN0X25hbWU=]\"]::placeholder{color:#0e545f;opacity: 1;}<\/style><input type=\"text\" autocomplete=\"given-name\" class=\"mailpoet_text\" id=\"form_first_name_2\" name=\"data[form_field_ZWQzMzk3MzRlMzNkX2ZpcnN0X25hbWU=]\" title=\"Wie nennen dich deine Freunde?\" value=\"\" style=\"width:100%;box-sizing:border-box;background-color:#ffffff;border-style:solid;border-radius:10px !important;border-width:1px;border-color:#0e545f;padding:15px;margin: 0 auto;font-family:&#039;Montserrat&#039;;font-size:16px;line-height:1.5;height:auto;color:#0e545f;\" data-automation-id=\"form_first_name\"  placeholder=\"Wie nennen dich deine Freunde? *\" aria-label=\"Wie nennen dich deine Freunde? *\" data-parsley-errors-container=\".mailpoet_error_133rh\" data-parsley-names='[&quot;Please specify a valid name.&quot;,&quot;Addresses in names are not permitted, please add your name instead.&quot;]' data-parsley-required=\"true\" required aria-required=\"true\" data-parsley-required-message=\"This field is required.\"\/><span class=\"mailpoet_error_133rh\"><\/span><\/div>\n<div class=\"mailpoet_paragraph \"><style>input[name=\"data[form_field_ZDZlZTExMWExY2RjX2VtYWls]\"]::placeholder{color:#0e545f;opacity: 1;}<\/style><input type=\"email\" autocomplete=\"email\" class=\"mailpoet_text\" id=\"form_email_2\" name=\"data[form_field_ZDZlZTExMWExY2RjX2VtYWls]\" title=\"E-Mail-Adresse\" value=\"\" style=\"width:100%;box-sizing:border-box;background-color:#f1f1f1;border-style:solid;border-radius:11px !important;border-width:1px;border-color:#0e545f;padding:15px;margin: 0 auto;font-family:&#039;Montserrat&#039;;font-size:16px;line-height:1.5;height:auto;color:#0e545f;\" data-automation-id=\"form_email\"  placeholder=\"E-Mail-Adresse *\" aria-label=\"E-Mail-Adresse *\" data-parsley-errors-container=\".mailpoet_error_usp5d\" data-parsley-required=\"true\" required aria-required=\"true\" data-parsley-minlength=\"6\" data-parsley-maxlength=\"150\" data-parsley-type-message=\"This value should be a valid email.\" data-parsley-required-message=\"This field is required.\"\/><span class=\"mailpoet_error_usp5d\"><\/span><\/div>\n<div class='mailpoet_spacer' style='height: 1px;'><\/div>\n<div class=\"mailpoet_paragraph \"><input type=\"submit\" class=\"mailpoet_submit\" value=\"Newsletter jetzt abonnieren\" data-automation-id=\"subscribe-submit-button\" data-font-family='Montserrat' style=\"width:100%;box-sizing:border-box;background-color:#ff5050;border-style:solid;border-radius:9px !important;border-width:0px;border-color:#313131;padding:15px;margin: 0 auto;font-family:&#039;Montserrat&#039;;font-size:20px;line-height:1.5;height:auto;color:#ffffff;font-weight:bold;\" \/><span class=\"mailpoet_form_loading\"><span class=\"mailpoet_bounce1\"><\/span><span class=\"mailpoet_bounce2\"><\/span><span class=\"mailpoet_bounce3\"><\/span><\/span><\/div>\n<div class='mailpoet_spacer mailpoet_has_divider' style='height: 1px;'><div class='mailpoet_divider' data-automation-id='form_divider' style='border-top-style: solid;border-top-width: 1px;border-top-color: black;height: 1px;width: 100%'><\/div><\/div>\n<p class=\"mailpoet_form_paragraph  mailpoet-has-font-size\" style=\"text-align: center; font-size: 13px; line-height: 1.5\"><em>Wir senden keinen Spam! Erfahre mehr in unserer <a target=\"_blank\" href=\"https:\/\/www.alpin8.eu\/datenschutzerklaerung\/\">Datenschutzerkl\u00e4rung<\/a>.<\/em><\/p>\n\n      <div class=\"mailpoet_message\">\n        <p class=\"mailpoet_validate_success\"\n                style=\"display:none;\"\n                >Der erste Schritt ist getan! Check deine Email Inbox und best\u00e4tige unsere Mail. \n        <\/p>\n        <p class=\"mailpoet_validate_error\"\n                style=\"display:none;\"\n                >        <\/p>\n      <\/div>\n    <\/form>\n\n      <\/div>\n\n  <\/div>\n\t\t\t\t\t\t<\/div>\n\t\t\t\t<\/div>\n\t\t\t\t\t<\/div>\n\t\t<\/div>\n\t\t\t\t\t<\/div>\n\t\t<\/section>\n\t\t\t\t<\/div>\n\t\t","protected":false},"excerpt":{"rendered":"<p>Newsletter registration<\/p>\n","protected":false},"author":2,"featured_media":0,"parent":0,"menu_order":0,"comment_status":"closed","ping_status":"closed","template":"","meta":{"footnotes":""},"class_list":["post-6516","page","type-page","status-publish","hentry"],"yoast_head":"<!-- This site is optimized with the Yoast SEO plugin v27.4 - https:\/\/yoast.com\/product\/yoast-seo-wordpress\/ -->\n<title>Newsletter registration - ALPIN8<\/title>\n<meta name=\"robots\" content=\"index, follow, max-snippet:-1, max-image-preview:large, max-video-preview:-1\" \/>\n<link rel=\"canonical\" href=\"https:\/\/www.alpin8.eu\/en\/newsletter-registration\/\" \/>\n<meta property=\"og:locale\" content=\"en_US\" \/>\n<meta property=\"og:type\" content=\"article\" \/>\n<meta property=\"og:title\" content=\"Newsletter registration - ALPIN8\" \/>\n<meta property=\"og:description\" content=\"Newsletter registration\" \/>\n<meta property=\"og:url\" content=\"https:\/\/www.alpin8.eu\/en\/newsletter-registration\/\" \/>\n<meta property=\"og:site_name\" content=\"ALPIN8\" \/>\n<meta property=\"article:modified_time\" content=\"2024-09-24T13:52:12+00:00\" \/>\n<meta name=\"twitter:card\" content=\"summary_large_image\" \/>\n<meta name=\"twitter:label1\" content=\"Est. reading time\" \/>\n\t<meta name=\"twitter:data1\" content=\"1 minute\" \/>\n<script type=\"application\/ld+json\" class=\"yoast-schema-graph\">{\"@context\":\"https:\\\/\\\/schema.org\",\"@graph\":[{\"@type\":\"WebPage\",\"@id\":\"https:\\\/\\\/www.alpin8.eu\\\/en\\\/newsletter-registration\\\/\",\"url\":\"https:\\\/\\\/www.alpin8.eu\\\/en\\\/newsletter-registration\\\/\",\"name\":\"Newsletter registration - ALPIN8\",\"isPartOf\":{\"@id\":\"https:\\\/\\\/www.alpin8.eu\\\/en\\\/#website\"},\"datePublished\":\"2023-10-24T12:28:17+00:00\",\"dateModified\":\"2024-09-24T13:52:12+00:00\",\"breadcrumb\":{\"@id\":\"https:\\\/\\\/www.alpin8.eu\\\/en\\\/newsletter-registration\\\/#breadcrumb\"},\"inLanguage\":\"en-US\",\"potentialAction\":[{\"@type\":\"ReadAction\",\"target\":[\"https:\\\/\\\/www.alpin8.eu\\\/en\\\/newsletter-registration\\\/\"]}]},{\"@type\":\"BreadcrumbList\",\"@id\":\"https:\\\/\\\/www.alpin8.eu\\\/en\\\/newsletter-registration\\\/#breadcrumb\",\"itemListElement\":[{\"@type\":\"ListItem\",\"position\":1,\"name\":\"Startseite\",\"item\":\"https:\\\/\\\/www.alpin8.eu\\\/en\\\/\"},{\"@type\":\"ListItem\",\"position\":2,\"name\":\"Newsletter registration\"}]},{\"@type\":\"WebSite\",\"@id\":\"https:\\\/\\\/www.alpin8.eu\\\/en\\\/#website\",\"url\":\"https:\\\/\\\/www.alpin8.eu\\\/en\\\/\",\"name\":\"ALPIN8\",\"description\":\"Dein pers\u00f6nlicher Mount Everest\",\"publisher\":{\"@id\":\"https:\\\/\\\/www.alpin8.eu\\\/en\\\/#organization\"},\"potentialAction\":[{\"@type\":\"SearchAction\",\"target\":{\"@type\":\"EntryPoint\",\"urlTemplate\":\"https:\\\/\\\/www.alpin8.eu\\\/en\\\/?s={search_term_string}\"},\"query-input\":{\"@type\":\"PropertyValueSpecification\",\"valueRequired\":true,\"valueName\":\"search_term_string\"}}],\"inLanguage\":\"en-US\"},{\"@type\":\"Organization\",\"@id\":\"https:\\\/\\\/www.alpin8.eu\\\/en\\\/#organization\",\"name\":\"ALPIN8 GmbH\",\"url\":\"https:\\\/\\\/www.alpin8.eu\\\/en\\\/\",\"logo\":{\"@type\":\"ImageObject\",\"inLanguage\":\"en-US\",\"@id\":\"https:\\\/\\\/www.alpin8.eu\\\/en\\\/#\\\/schema\\\/logo\\\/image\\\/\",\"url\":\"https:\\\/\\\/www.alpin8.eu\\\/wp-content\\\/uploads\\\/2023\\\/05\\\/8triple8_logo-blau_web2x.jpg\",\"contentUrl\":\"https:\\\/\\\/www.alpin8.eu\\\/wp-content\\\/uploads\\\/2023\\\/05\\\/8triple8_logo-blau_web2x.jpg\",\"width\":789,\"height\":721,\"caption\":\"ALPIN8 GmbH\"},\"image\":{\"@id\":\"https:\\\/\\\/www.alpin8.eu\\\/en\\\/#\\\/schema\\\/logo\\\/image\\\/\"},\"sameAs\":[\"https:\\\/\\\/www.instagram.com\\\/alpin8everesting\"]}]}<\/script>\n<!-- \/ Yoast SEO plugin. -->","yoast_head_json":{"title":"Newsletter registration - ALPIN8","robots":{"index":"index","follow":"follow","max-snippet":"max-snippet:-1","max-image-preview":"max-image-preview:large","max-video-preview":"max-video-preview:-1"},"canonical":"https:\/\/www.alpin8.eu\/en\/newsletter-registration\/","og_locale":"en_US","og_type":"article","og_title":"Newsletter registration - ALPIN8","og_description":"Newsletter registration","og_url":"https:\/\/www.alpin8.eu\/en\/newsletter-registration\/","og_site_name":"ALPIN8","article_modified_time":"2024-09-24T13:52:12+00:00","twitter_card":"summary_large_image","twitter_misc":{"Est. reading time":"1 minute"},"schema":{"@context":"https:\/\/schema.org","@graph":[{"@type":"WebPage","@id":"https:\/\/www.alpin8.eu\/en\/newsletter-registration\/","url":"https:\/\/www.alpin8.eu\/en\/newsletter-registration\/","name":"Newsletter registration - ALPIN8","isPartOf":{"@id":"https:\/\/www.alpin8.eu\/en\/#website"},"datePublished":"2023-10-24T12:28:17+00:00","dateModified":"2024-09-24T13:52:12+00:00","breadcrumb":{"@id":"https:\/\/www.alpin8.eu\/en\/newsletter-registration\/#breadcrumb"},"inLanguage":"en-US","potentialAction":[{"@type":"ReadAction","target":["https:\/\/www.alpin8.eu\/en\/newsletter-registration\/"]}]},{"@type":"BreadcrumbList","@id":"https:\/\/www.alpin8.eu\/en\/newsletter-registration\/#breadcrumb","itemListElement":[{"@type":"ListItem","position":1,"name":"Startseite","item":"https:\/\/www.alpin8.eu\/en\/"},{"@type":"ListItem","position":2,"name":"Newsletter registration"}]},{"@type":"WebSite","@id":"https:\/\/www.alpin8.eu\/en\/#website","url":"https:\/\/www.alpin8.eu\/en\/","name":"ALPIN8","description":"Dein pers\u00f6nlicher Mount Everest","publisher":{"@id":"https:\/\/www.alpin8.eu\/en\/#organization"},"potentialAction":[{"@type":"SearchAction","target":{"@type":"EntryPoint","urlTemplate":"https:\/\/www.alpin8.eu\/en\/?s={search_term_string}"},"query-input":{"@type":"PropertyValueSpecification","valueRequired":true,"valueName":"search_term_string"}}],"inLanguage":"en-US"},{"@type":"Organization","@id":"https:\/\/www.alpin8.eu\/en\/#organization","name":"ALPIN8 GmbH","url":"https:\/\/www.alpin8.eu\/en\/","logo":{"@type":"ImageObject","inLanguage":"en-US","@id":"https:\/\/www.alpin8.eu\/en\/#\/schema\/logo\/image\/","url":"https:\/\/www.alpin8.eu\/wp-content\/uploads\/2023\/05\/8triple8_logo-blau_web2x.jpg","contentUrl":"https:\/\/www.alpin8.eu\/wp-content\/uploads\/2023\/05\/8triple8_logo-blau_web2x.jpg","width":789,"height":721,"caption":"ALPIN8 GmbH"},"image":{"@id":"https:\/\/www.alpin8.eu\/en\/#\/schema\/logo\/image\/"},"sameAs":["https:\/\/www.instagram.com\/alpin8everesting"]}]}},"_links":{"self":[{"href":"https:\/\/www.alpin8.eu\/en\/wp-json\/wp\/v2\/pages\/6516","targetHints":{"allow":["GET"]}}],"collection":[{"href":"https:\/\/www.alpin8.eu\/en\/wp-json\/wp\/v2\/pages"}],"about":[{"href":"https:\/\/www.alpin8.eu\/en\/wp-json\/wp\/v2\/types\/page"}],"author":[{"embeddable":true,"href":"https:\/\/www.alpin8.eu\/en\/wp-json\/wp\/v2\/users\/2"}],"replies":[{"embeddable":true,"href":"https:\/\/www.alpin8.eu\/en\/wp-json\/wp\/v2\/comments?post=6516"}],"version-history":[{"count":9,"href":"https:\/\/www.alpin8.eu\/en\/wp-json\/wp\/v2\/pages\/6516\/revisions"}],"predecessor-version":[{"id":8279,"href":"https:\/\/www.alpin8.eu\/en\/wp-json\/wp\/v2\/pages\/6516\/revisions\/8279"}],"wp:attachment":[{"href":"https:\/\/www.alpin8.eu\/en\/wp-json\/wp\/v2\/media?parent=6516"}],"curies":[{"name":"wp","href":"https:\/\/api.w.org\/{rel}","templated":true}]}}